{"id":3362,"date":"2021-05-22T16:41:35","date_gmt":"2021-05-22T15:41:35","guid":{"rendered":"https:\/\/www.mincatec.com\/?page_id=3362"},"modified":"2021-05-22T16:46:43","modified_gmt":"2021-05-22T15:46:43","slug":"auto","status":"publish","type":"page","link":"https:\/\/www.mincatec.com\/es\/auto\/","title":{"rendered":"Auto"},"content":{"rendered":"<p><div class=\"fusion-fullwidth fullwidth-box fusion-builder-row-1 fusion-flex-container nonhundred-percent-fullwidth non-hundred-percent-height-scrolling\" style=\"--awb-border-radius-top-left:0px;--awb-border-radius-top-right:0px;--awb-border-radius-bottom-right:0px;--awb-border-radius-bottom-left:0px;--awb-flex-wrap:wrap;\" ><div class=\"fusion-builder-row fusion-row fusion-flex-align-items-flex-start fusion-flex-content-wrap\" style=\"max-width:1372.8px;margin-left: calc(-4% \/ 2 );margin-right: calc(-4% \/ 2 );\"><div class=\"fusion-layout-column fusion_builder_column fusion-builder-column-0 fusion_builder_column_1_1 1_1 fusion-flex-column\" style=\"--awb-bg-size:cover;--awb-width-large:100%;--awb-margin-top-large:0px;--awb-spacing-right-large:1.92%;--awb-margin-bottom-large:20px;--awb-spacing-left-large:1.92%;--awb-width-medium:100%;--awb-order-medium:0;--awb-spacing-right-medium:1.92%;--awb-spacing-left-medium:1.92%;--awb-width-small:100%;--awb-order-small:0;--awb-spacing-right-small:1.92%;--awb-spacing-left-small:1.92%;\"><div class=\"fusion-column-wrapper fusion-column-has-shadow fusion-flex-justify-content-flex-start fusion-content-layout-column\"><div class=\"fusion-title title fusion-title-1 fusion-sep-none fusion-title-center fusion-title-highlight fusion-animate-once fusion-highlight-underline fusion-title-size-one\" style=\"--awb-margin-top-small:12px;--awb-margin-right-small:0px;--awb-margin-bottom-small:24px;--awb-margin-left-small:0px;\" data-highlight=\"underline\"><h1 class=\"fusion-title-heading title-heading-center fusion-responsive-typography-calculated\" style=\"margin:0;--fontSize:72;line-height:1.12;\"><span class=\"fusion-highlighted-text-prefix\"><\/span> <span class=\"fusion-highlighted-text-wrapper\"><span class=\"fusion-highlighted-text\">AUTO<\/span><svg xmlns=\"http:\/\/www.w3.org\/2000\/svg\" viewBox=\"0 0 500 150\" preserveAspectRatio=\"none\"><path d=\"M8.1,146.2c0,0,240.6-55.6,479-13.8\"><\/path><\/svg><\/span> <span class=\"fusion-highlighted-text-postfix\"><\/span><\/h1><\/div><\/div><\/div><\/div><\/div><div class=\"fusion-fullwidth fullwidth-box fusion-builder-row-2 nonhundred-percent-fullwidth non-hundred-percent-height-scrolling\" style=\"--awb-border-radius-top-left:0px;--awb-border-radius-top-right:0px;--awb-border-radius-bottom-right:0px;--awb-border-radius-bottom-left:0px;--awb-flex-wrap:wrap;\" ><div class=\"fusion-builder-row fusion-row\"><div class=\"fusion-layout-column fusion_builder_column fusion-builder-column-1 fusion_builder_column_1_1 1_1 fusion-one-full fusion-column-first fusion-column-last\" style=\"--awb-bg-size:cover;\"><div class=\"fusion-column-wrapper fusion-column-has-shadow fusion-flex-column-wrapper-legacy\"><div class=\"fusion-flip-boxes flip-boxes row fusion-columns-1 flip-effect-3d equal-heights\" style=\"--awb-flip-duration:0.4s;\"><div class=\"fusion-flip-box-wrapper fusion-column col-lg-12 col-md-12 col-sm-12\"><div class=\"fusion-flip-box flip-up\" tabindex=\"0\"><div class=\"flip-box-inner-wrapper\"><div class=\"flip-box-front\" style=\"--awb-background-image-front:url(&#039;https:\/\/www.mincatec.com\/wp-content\/uploads\/2021\/04\/cars-lighting.jpg&#039;);\"><div class=\"flip-box-front-inner\"><div class=\"flip-box-grafix flip-box-circle\"><i aria-hidden=\"true\" class=\"fa-caret-down fas\"><\/i><\/div><h2 class=\"flip-box-heading without-text\">Lighting<\/h2><\/div><\/div><div class=\"flip-box-back\" style=\"--awb-background-color-back:#ff7f3a;\"><div class=\"flip-box-back-inner\"><h3 class=\"flip-box-heading-back\">Lighting<\/h3>\n<p>Nuestra presencia en el sector de la iluminaci\u00f3n, de la cual Espa\u00f1a es un pionero y l\u00edder tecnol\u00f3gico, hace de Mincatec una de las empresas m\u00e1s reconocidas de Europa por sus avances en tecnolog\u00eda e investigaci\u00f3n en todo el mundo.<\/p>\n<p>En una sociedad donde la imagen es cada d\u00eda m\u00e1s relevante, el estilo de iluminaci\u00f3n de un veh\u00edculo aporta la personalidad del mismo. Desde Mincatec, desarrollamos los estilos de lighting que se est\u00e1n aplicando en los pr\u00f3ximos modelos de veh\u00edculos.<\/p>\n<p>En base a estos estilos realizamos estudios previos, la definici\u00f3n que de las piezas interiores, la definici\u00f3n para un correcto ensamblaje y ergonom\u00eda, las tecnolog\u00edas de fabricaci\u00f3n, integraci\u00f3n de las definiciones de \u00f3ptica, requerimientos t\u00e9rmicos y definiciones electr\u00f3nicas.<\/p>\n<p>Se realiza el seguimiento dise\u00f1o del producto hasta la fase de puesta a punto, los requerimientos de calidad internos y del cliente, hasta que el producto es suministrado con normalidad.<\/p>\n<\/div><\/div><\/div><\/div><\/div><div class=\"fusion-flip-box-wrapper fusion-column col-lg-12 col-md-12 col-sm-12\"><div class=\"fusion-flip-box flip-up\" tabindex=\"0\"><div class=\"flip-box-inner-wrapper\"><div class=\"flip-box-front\" style=\"--awb-background-image-front:url(&#039;https:\/\/www.mincatec.com\/wp-content\/uploads\/2021\/04\/cars-encubing.jpg&#039;);\"><div class=\"flip-box-front-inner\"><div class=\"flip-box-grafix flip-box-circle\"><i aria-hidden=\"true\" class=\"fa-caret-down fas\"><\/i><\/div><h2 class=\"flip-box-heading without-text\">Cubing<\/h2><\/div><\/div><div class=\"flip-box-back\" style=\"--awb-background-color-back:#ff7f3a;\"><div class=\"flip-box-back-inner\"><h3 class=\"flip-box-heading-back\">Cubing<\/h3>\n<p>La t\u00e9cnica del cubing nos permite definir a trav\u00e9s de la t\u00e9cnica de las seis preguntas universales (\u00bfQu\u00e9?, \u00bfC\u00f3mo?, \u00bfCu\u00e1ndo?, \u00bfD\u00f3nde?, \u00bfPor qu\u00e9? y \u00bfQui\u00e9n?) los elementos relevantes para poder presentar la idea que se est\u00e1 trabajando de una forma r\u00e1pida, concreta y clara.<\/p>\n<p>Durante el proceso de cubing identificaremos las cualidades principales y funcionalidades del producto focalizando los elementos diferenciadores que dan valor al servicio y concretando tanto las actividades como los recursos que ser\u00e1n necesarios que nos permitir\u00e1n desarrollar la idea e implementarla de manera satisfactoria.<\/p>\n<\/div><\/div><\/div><\/div><\/div><div class=\"fusion-flip-box-wrapper fusion-column col-lg-12 col-md-12 col-sm-12\"><div class=\"fusion-flip-box flip-up\" tabindex=\"0\"><div class=\"flip-box-inner-wrapper\"><div class=\"flip-box-front\" style=\"--awb-background-image-front:url(&#039;https:\/\/www.mincatec.com\/wp-content\/uploads\/2021\/04\/cars-powertrain.jpg&#039;);\"><div class=\"flip-box-front-inner\"><div class=\"flip-box-grafix flip-box-circle\"><i aria-hidden=\"true\" class=\"fa-caret-down fas\"><\/i><\/div><h2 class=\"flip-box-heading without-text\">Powertrain<\/h2><\/div><\/div><div class=\"flip-box-back\" style=\"--awb-background-color-back:#ff7f3a;\"><div class=\"flip-box-back-inner\"><h3 class=\"flip-box-heading-back\">Powertrain<\/h3>\n<div class=\"vc_row wpb_row vc_row-fluid vc_custom_1503933437421 right\" data-vc-full-width=\"true\" data-vc-full-width-init=\"true\">\n<div class=\"wpb_column vc_column_container vc_col-sm-12\">\n<div class=\"vc_column-inner\">\n<div class=\"wpb_wrapper\">\n<div class=\"vc_row wpb_row vc_inner vc_row-fluid\">\n<div class=\"wpb_column vc_column_container vc_col-sm-8\">\n<div class=\"vc_column-inner\">\n<div class=\"wpb_wrapper\">\n<div class=\"wpb_text_column wpb_content_element  grisclaro\">\n<div class=\"wpb_wrapper\">\n<p>Dentro del mundo de la automoci\u00f3n, el PowerTrain es de vital importancia al ser el sistema encargado de generar energ\u00eda y transmitirla en forma de potencia para el movimiento de los veh\u00edculos autopropulsados. Debido a una mayor conciencia con el medio ambiente, este est\u00e1 en constante evoluci\u00f3n, con la b\u00fasqueda de nuevos sistemas que reduzcan la contaminaci\u00f3n en un mundo altamente industrializado. Esta evoluci\u00f3n pasa por el desarrollo de nuevas tecnolog\u00edas para veh\u00edculos h\u00edbridos y el\u00e9ctricos, nuestra apuesta por un futuro m\u00e1s sostenible.<\/p>\n<\/div>\n<\/div>\n<\/div>\n<\/div>\n<\/div>\n<\/div>\n<\/div>\n<\/div>\n<\/div>\n<\/div>\n<\/div><\/div><\/div><\/div><\/div><div class=\"fusion-flip-box-wrapper fusion-column col-lg-12 col-md-12 col-sm-12\"><div class=\"fusion-flip-box flip-up\" tabindex=\"0\"><div class=\"flip-box-inner-wrapper\"><div class=\"flip-box-front\" style=\"--awb-background-image-front:url(&#039;https:\/\/www.mincatec.com\/wp-content\/uploads\/2021\/04\/cars-sur.jpg&#039;);\"><div class=\"flip-box-front-inner\"><div class=\"flip-box-grafix flip-box-circle\"><i aria-hidden=\"true\" class=\"fa-caret-down fas\"><\/i><\/div><h2 class=\"flip-box-heading without-text\">Design\/Surfacing<\/h2><\/div><\/div><div class=\"flip-box-back\" style=\"--awb-background-color-back:#ff7f3a;\"><div class=\"flip-box-back-inner\"><h3 class=\"flip-box-heading-back\">Design\/Surfacing<\/h3>\n<p>En el campo del Design\/Surfacing Mincatec ofrece una amplia gama de servicios que satisfacen las necesidades de nuestros clientes desde la idea inicial hasta la implementaci\u00f3n final de la producci\u00f3n en serie gracias a nuestra experiencia en proyectos de Superficies de Clase A, de Superficies T\u00e9cnicas o de Ingenier\u00eda Inversa entre otros.<\/p>\n<p>Nuestros especialistas, armonizando el dise\u00f1o y la ingenier\u00eda, se caracterizan por un enfoque interdisciplinario y de alto nivel de precisi\u00f3n optimizando la geometr\u00eda, est\u00e9tica y factibilidad de cara a la fabricaci\u00f3n en serie. Al aplicar sus conocimientos CAD de softwares tales como ICEM Surf, Catia o Unigraphics NX conseguimos concebir proyectos en el menor tiempo posible para nuestros clientes.<\/p>\n<\/div><\/div><\/div><\/div><\/div><\/div><div class=\"clearfix\"><\/div><div class=\"fusion-clearfix\"><\/div><\/div><\/div><\/div><\/div><\/p>\n","protected":false},"excerpt":{"rendered":"","protected":false},"author":1,"featured_media":0,"parent":0,"menu_order":0,"comment_status":"closed","ping_status":"closed","template":"","meta":{"footnotes":""},"class_list":["post-3362","page","type-page","status-publish","hentry"],"_links":{"self":[{"href":"https:\/\/www.mincatec.com\/es\/wp-json\/wp\/v2\/pages\/3362","targetHints":{"allow":["GET"]}}],"collection":[{"href":"https:\/\/www.mincatec.com\/es\/wp-json\/wp\/v2\/pages"}],"about":[{"href":"https:\/\/www.mincatec.com\/es\/wp-json\/wp\/v2\/types\/page"}],"author":[{"embeddable":true,"href":"https:\/\/www.mincatec.com\/es\/wp-json\/wp\/v2\/users\/1"}],"replies":[{"embeddable":true,"href":"https:\/\/www.mincatec.com\/es\/wp-json\/wp\/v2\/comments?post=3362"}],"version-history":[{"count":3,"href":"https:\/\/www.mincatec.com\/es\/wp-json\/wp\/v2\/pages\/3362\/revisions"}],"predecessor-version":[{"id":3365,"href":"https:\/\/www.mincatec.com\/es\/wp-json\/wp\/v2\/pages\/3362\/revisions\/3365"}],"wp:attachment":[{"href":"https:\/\/www.mincatec.com\/es\/wp-json\/wp\/v2\/media?parent=3362"}],"curies":[{"name":"wp","href":"https:\/\/api.w.org\/{rel}","templated":true}]}}